{"id":5970,"date":"2015-10-22T04:04:43","date_gmt":"2015-10-22T04:04:43","guid":{"rendered":"http:\/\/motors.stylemixthemes.com\/demo\/?page_id=370"},"modified":"2015-10-22T04:04:43","modified_gmt":"2015-10-22T04:04:43","slug":"about-us-2","status":"publish","type":"page","link":"https:\/\/dalmagroveiculos.com.br\/?page_id=5970","title":{"rendered":"Sobre N\u00f3s"},"content":{"rendered":"<p>[vc_row css=&#8221;.vc_custom_1445496852478{margin-top: 40px !important;margin-bottom: 51px !important;}&#8221;][vc_column width=&#8221;1\/2&#8243; el_class=&#8221;stm-col-pad-right&#8221;][vc_single_image image=&#8221;1835&#8243; img_size=&#8221;full&#8221; stm_fancybox=&#8221;yes&#8221; css=&#8221;.vc_custom_1598359359158{margin-bottom: 35px !important;}&#8221;][\/vc_column][vc_column width=&#8221;1\/2&#8243; el_class=&#8221;stm-col-pad-left&#8221;][vc_column_text]<\/p>\n<h3 style=\"margin-bottom: 18px;\">QUEM SOMOS<\/h3>\n<p style=\"margin-bottom: 26px;\">A Dal Magro Ve\u00edculos \u00e9 uma empresa familiar que atua no com\u00e9rcio de compra e venda de ve\u00edculos desde 2003 em Xaxim-SC. A empresa foi criada por Noeli Jos\u00e9 Dal Magro e sempre buscou atender a satisfa\u00e7\u00e3o pessoal dos amigos e clientes que buscam comprar de autom\u00f3veis novos e semi-novos de qualidade e proced\u00eancia.<\/p>\n<p style=\"margin-bottom: 26px;\">A qualidade e a proced\u00eancia dos produtos oferecidos aos clientes \u00e9 a chave para o sucesso de uma empresa que se perpetua l\u00edder de mercado na compra e venda de autom\u00f3veis na sua cidade. A Credibilidade e a integridade com o p\u00fablico como um objetivo perp\u00e9tuo, s\u00e3o pe\u00e7as-chave de uma empresa que se preocupa com a responsabilidade social.<\/p>\n<p>[\/vc_column_text][\/vc_column][\/vc_row][vc_row][vc_column width=&#8221;1\/3&#8243;][vc_column_text]<\/p>\n<h3>MISS\u00c3O<\/h3>\n<p>[\/vc_column_text][vc_separator][vc_column_text]Oferecer autom\u00f3veis novos e semi novos de qualidade, com bons pre\u00e7os a todos os clientes, atendendo a sua expectativa de satisfa\u00e7\u00e3o pessoal.[\/vc_column_text][\/vc_column][vc_column width=&#8221;1\/3&#8243;][vc_column_text]<\/p>\n<h3>VIS\u00c3O<\/h3>\n<p>[\/vc_column_text][vc_separator][vc_column_text]Ser refer\u00eancia no ramo de ve\u00edculos novos e semi-novos em Xaxim e Regi\u00e3o.[\/vc_column_text][\/vc_column][vc_column width=&#8221;1\/3&#8243;][vc_column_text]<\/p>\n<h3>VALORES<\/h3>\n<p>[\/vc_column_text][vc_separator][vc_column_text]<\/p>\n<ul class=\"list-style-1\">\n<li>Credibilidade<\/li>\n<li>Confian\u00e7a no neg\u00f3cio<\/li>\n<li>Responsabilidade social<\/li>\n<li>Integridade com o p\u00fablico<\/li>\n<li>Qualidade no produto<\/li>\n<\/ul>\n<p>[\/vc_column_text][\/vc_column][\/vc_row][vc_row full_width=&#8221;stretch_row&#8221; css=&#8221;.vc_custom_1445594139247{margin-bottom: 0px !important;padding-top: 48px !important;padding-bottom: 15px !important;background-color: #f0f2f5 !important;}&#8221;][vc_column][vc_custom_heading text=&#8221;NOSSA EQUIPE&#8221; font_container=&#8221;tag:h2|text_align:center&#8221; use_theme_fonts=&#8221;yes&#8221;][stm_color_separator css=&#8221;.vc_custom_1445585212007{margin-bottom: 26px !important;}&#8221;][vc_row_inner][vc_column_inner width=&#8221;1\/4&#8243; offset=&#8221;vc_col-lg-3&#8243;][stm_our_team image_size=&#8221;270&#215;250&#8243; image=&#8221;1941&#8243; name=&#8221;Noeli Jos\u00e9 Dal Magro&#8221; position=&#8221;CEO&#8221;][\/vc_column_inner][vc_column_inner width=&#8221;1\/4&#8243; offset=&#8221;vc_col-lg-3&#8243;][stm_our_team image_size=&#8221;270&#215;250&#8243; image=&#8221;1939&#8243; name=&#8221;Thiago Jos\u00e9 Dal Magro&#8221; position=&#8221;Gerente de Vendas&#8221;][\/vc_column_inner][vc_column_inner width=&#8221;1\/4&#8243; offset=&#8221;vc_col-lg-3&#8243;][stm_our_team image_size=&#8221;270&#215;250&#8243; image=&#8221;1940&#8243; name=&#8221;Claudio Luiz Lenger&#8221; position=&#8221;Consultor de Vendas&#8221;][\/vc_column_inner][vc_column_inner width=&#8221;1\/4&#8243;][stm_our_team image_size=&#8221;270&#215;250&#8243; image=&#8221;1942&#8243; name=&#8221;Guilherme Andolfatto&#8221; position=&#8221;Auxiliar de Vendas&#8221;][\/vc_column_inner][\/vc_row_inner][\/vc_column][\/vc_row]<\/p>\n","protected":false},"excerpt":{"rendered":"<p>[vc_row css=&#8221;.vc_custom_1445496852478{margin-top: 40px !important;margin-bottom: 51px !important;}&#8221;][vc_column width=&#8221;1\/2&#8243; el_class=&#8221;stm-col-pad-right&#8221;][vc_single_image image=&#8221;1835&#8243; img_size=&#8221;full&#8221; stm_fancybox=&#8221;yes&#8221; css=&#8221;.vc_custom_1598359359158{margin-bottom: 35px !important;}&#8221;][\/vc_column][vc_column width=&#8221;1\/2&#8243; el_class=&#8221;stm-col-pad-left&#8221;][vc_column_text] QUEM SOMOS A Dal Magro Ve\u00edculos \u00e9 uma empresa familiar que atua no com\u00e9rcio de compra e venda de ve\u00edculos desde 2003 em Xaxim-SC. A empresa foi criada por Noeli Jos\u00e9 Dal Magro e sempre buscou atender a satisfa\u00e7\u00e3o&#8230;<\/p>\n","protected":false},"author":3,"featured_media":0,"parent":0,"menu_order":0,"comment_status":"closed","ping_status":"closed","template":"","meta":[],"_links":{"self":[{"href":"https:\/\/dalmagroveiculos.com.br\/index.php?rest_route=\/wp\/v2\/pages\/5970"}],"collection":[{"href":"https:\/\/dalmagroveiculos.com.br\/index.php?rest_route=\/wp\/v2\/pages"}],"about":[{"href":"https:\/\/dalmagroveiculos.com.br\/index.php?rest_route=\/wp\/v2\/types\/page"}],"author":[{"embeddable":true,"href":"https:\/\/dalmagroveiculos.com.br\/index.php?rest_route=\/wp\/v2\/users\/3"}],"replies":[{"embeddable":true,"href":"https:\/\/dalmagroveiculos.com.br\/index.php?rest_route=%2Fwp%2Fv2%2Fcomments&post=5970"}],"version-history":[{"count":0,"href":"https:\/\/dalmagroveiculos.com.br\/index.php?rest_route=\/wp\/v2\/pages\/5970\/revisions"}],"wp:attachment":[{"href":"https:\/\/dalmagroveiculos.com.br\/index.php?rest_route=%2Fwp%2Fv2%2Fmedia&parent=5970"}],"curies":[{"name":"wp","href":"https:\/\/api.w.org\/{rel}","templated":true}]}}