{"id":5967,"date":"2015-09-18T09:48:28","date_gmt":"2015-09-18T12:48:28","guid":{"rendered":"http:\/\/motors.stylemixthemes.com\/demo\/?page_id=5"},"modified":"2022-08-29T15:21:22","modified_gmt":"2022-08-29T18:21:22","slug":"front-page-2","status":"publish","type":"page","link":"https:\/\/dalmagroveiculos.com.br\/","title":{"rendered":"Home"},"content":{"rendered":"<p>[vc_row full_width=&#8221;stretch_row&#8221; css=&#8221;.vc_custom_1448545243300{margin-bottom: 0px !important;}&#8221; el_class=&#8221;stm-slider-nice-height&#8221;][vc_column][rev_slider_vc alias=&#8221;home_slider&#8221;][\/vc_column][\/vc_row][vc_row css=&#8221;.vc_custom_1448544673381{margin-bottom: 57px !important;}&#8221;][vc_column][stm_car_listing_tabbed tab_affix=&#8221;&#8221; found_cars_prefix=&#8221;&#8221; search_icon=&#8221;stm-icon-car_search&#8221; filter_columns_number=&#8221;4&#8243; filter_selected=&#8221;body,make,ca-year&#8221; call_to_action_icon=&#8221;stm-icon-question&#8221; call_to_action_icon_right=&#8221;stm-icon-phone2&#8243; call_to_action_text_color=&#8221;#ffffff&#8221; enable_call_to_action=&#8221;true&#8221; taxonomy=&#8221;seminovos | condition, novos | condition, repasse | condition,&#8221; per_page=&#8221;8&#8243; search_label=&#8221;Pesquisa Avan\u00e7ada&#8221; call_to_action_label=&#8221;Tem alguma D\u00favida? Ligue Agora!&#8221; call_to_action_label_right=&#8221;3353-5555&#8243;]<\/p>\n<h2><span style=\"color: #ffffff;\">CREDIBILIDADE E CONFIAN\u00c7A<\/span> <span class=\"stm-base-color\">A CADA NEG\u00d3CIO<\/span><\/h2>\n<p>[\/stm_car_listing_tabbed][\/vc_column][\/vc_row][vc_row parallax=&#8221;content-moving&#8221; parallax_image=&#8221;1578&#8243; stm_fullwidth=&#8221;yes&#8221; blackout_opacity=&#8221;20&#8243; css=&#8221;.vc_custom_1661797272764{margin-bottom: 0px !important;padding-top: 137px !important;padding-bottom: 137px !important;}&#8221; el_class=&#8221;stm-icon-box-adaptive-style-one&#8221;][vc_column offset=&#8221;vc_col-lg-6&#8243; css=&#8221;.vc_custom_1448967644598{margin-bottom: 30px !important;}&#8221;][stm_icon_box icon=&#8221;stm-icon-car_search&#8221; icon_size=&#8221;54&#8243; box_bg_color=&#8221;#fab637&#8243; box_text_color=&#8221;#232628&#8243; link=&#8221;url:https%3A%2F%2Fdalmagroveiculos.com.br%2Fmodern-inventory%2F|title:Buy%20car||&#8221; title=&#8221;Voc\u00ea est\u00e1 procurando um carro?&#8221; line_height=&#8221;17&#8243; icon_color=&#8221;#232628&#8243;]Conhe\u00e7a os carros que temos em estoque, e entre em contato caso encontre o que procura![\/stm_icon_box][\/vc_column][vc_column offset=&#8221;vc_col-lg-6&#8243; css=&#8221;.vc_custom_1448967649806{margin-bottom: 30px !important;}&#8221;][stm_icon_box icon=&#8221;stm-icon-car_sale&#8221; title=&#8221;Voc\u00ea quer vender um carro?&#8221; box_bg_color=&#8221;#ff4848&#8243; line_height=&#8221;17&#8243; icon_color=&#8221;#232628&#8243; link=&#8221;url:https%3A%2F%2Fdalmagroveiculos.com.br%2Fsell-a-car%2F|||&#8221;]Preencha o formul\u00e1rio com o carro que voc\u00ea tem para troca ou venda e entraremos em contato![\/stm_icon_box][\/vc_column][\/vc_row]<\/p>\n","protected":false},"excerpt":{"rendered":"<p>[vc_row full_width=&#8221;stretch_row&#8221; css=&#8221;.vc_custom_1448545243300{margin-bottom: 0px !important;}&#8221; el_class=&#8221;stm-slider-nice-height&#8221;][vc_column][rev_slider_vc alias=&#8221;home_slider&#8221;][\/vc_column][\/vc_row][vc_row css=&#8221;.vc_custom_1448544673381{margin-bottom: 57px !important;}&#8221;][vc_column][stm_car_listing_tabbed tab_affix=&#8221;&#8221; found_cars_prefix=&#8221;&#8221; search_icon=&#8221;stm-icon-car_search&#8221; filter_columns_number=&#8221;4&#8243; filter_selected=&#8221;body,make,ca-year&#8221; call_to_action_icon=&#8221;stm-icon-question&#8221; call_to_action_icon_right=&#8221;stm-icon-phone2&#8243; call_to_action_text_color=&#8221;#ffffff&#8221; enable_call_to_action=&#8221;true&#8221; taxonomy=&#8221;seminovos | condition, novos | condition, repasse | condition,&#8221; per_page=&#8221;8&#8243; search_label=&#8221;Pesquisa Avan\u00e7ada&#8221; call_to_action_label=&#8221;Tem alguma D\u00favida? Ligue Agora!&#8221; call_to_action_label_right=&#8221;3353-5555&#8243;] CREDIBILIDADE E CONFIAN\u00c7A A CADA NEG\u00d3CIO [\/stm_car_listing_tabbed][\/vc_column][\/vc_row][vc_row parallax=&#8221;content-moving&#8221; parallax_image=&#8221;1578&#8243; stm_fullwidth=&#8221;yes&#8221; blackout_opacity=&#8221;20&#8243; css=&#8221;.vc_custom_1661797272764{margin-bottom: 0px !important;padding-top: 137px !important;padding-bottom: 137px !important;}&#8221;&#8230;<\/p>\n","protected":false},"author":3,"featured_media":0,"parent":0,"menu_order":0,"comment_status":"closed","ping_status":"closed","template":"","meta":[],"_links":{"self":[{"href":"https:\/\/dalmagroveiculos.com.br\/index.php?rest_route=\/wp\/v2\/pages\/5967"}],"collection":[{"href":"https:\/\/dalmagroveiculos.com.br\/index.php?rest_route=\/wp\/v2\/pages"}],"about":[{"href":"https:\/\/dalmagroveiculos.com.br\/index.php?rest_route=\/wp\/v2\/types\/page"}],"author":[{"embeddable":true,"href":"https:\/\/dalmagroveiculos.com.br\/index.php?rest_route=\/wp\/v2\/users\/3"}],"replies":[{"embeddable":true,"href":"https:\/\/dalmagroveiculos.com.br\/index.php?rest_route=%2Fwp%2Fv2%2Fcomments&post=5967"}],"version-history":[{"count":4,"href":"https:\/\/dalmagroveiculos.com.br\/index.php?rest_route=\/wp\/v2\/pages\/5967\/revisions"}],"predecessor-version":[{"id":6216,"href":"https:\/\/dalmagroveiculos.com.br\/index.php?rest_route=\/wp\/v2\/pages\/5967\/revisions\/6216"}],"wp:attachment":[{"href":"https:\/\/dalmagroveiculos.com.br\/index.php?rest_route=%2Fwp%2Fv2%2Fmedia&parent=5967"}],"curies":[{"name":"wp","href":"https:\/\/api.w.org\/{rel}","templated":true}]}}